{"id":5934,"date":"2020-03-13T13:44:26","date_gmt":"2020-03-13T13:44:26","guid":{"rendered":"https:\/\/gokcenerdogan.com\/iletisim\/"},"modified":"2022-04-07T01:17:09","modified_gmt":"2022-04-06T22:17:09","slug":"contact","status":"publish","type":"page","link":"https:\/\/gokcenerdogan.com\/en\/contact\/","title":{"rendered":"Contact"},"content":{"rendered":"\t\t<div data-elementor-type=\"wp-page\" data-elementor-id=\"5934\" class=\"elementor elementor-5934 elementor-191\">\n\t\t\t\t\t\t<section class=\"elementor-section elementor-top-section elementor-element elementor-element-6c8994d elementor-section-full_width elementor-section-height-default elementor-section-height-default qodef-elementor-content-no\" data-id=\"6c8994d\" data-element_type=\"section\" data-e-type=\"section\" data-settings=\"{&quot;background_background&quot;:&quot;classic&quot;}\">\n\t\t\t\t\t\t<div class=\"elementor-container elementor-column-gap-default\">\n\t\t\t\t\t<div class=\"elementor-column elementor-col-100 elementor-top-column elementor-element elementor-element-5e0d076\" data-id=\"5e0d076\" data-element_type=\"column\" data-e-type=\"column\" data-settings=\"{&quot;background_background&quot;:&quot;classic&quot;}\">\n\t\t\t<div class=\"elementor-widget-wrap\">\n\t\t\t\t\t\t\t<\/div>\n\t\t<\/div>\n\t\t\t\t\t<\/div>\n\t\t<\/section>\n\t\t\t\t<section class=\"elementor-section elementor-top-section elementor-element elementor-element-047a9e2 qodef-elementor-content-grid elementor-section-boxed elementor-section-height-default elementor-section-height-default\" data-id=\"047a9e2\" data-element_type=\"section\" data-e-type=\"section\">\n\t\t\t\t\t\t<div class=\"elementor-container elementor-column-gap-default\">\n\t\t\t\t\t<div class=\"elementor-column elementor-col-50 elementor-top-column elementor-element elementor-element-4e06f4e\" data-id=\"4e06f4e\" data-element_type=\"column\" data-e-type=\"column\">\n\t\t\t<div class=\"elementor-widget-wrap elementor-element-populated\">\n\t\t\t\t\t\t<div class=\"elementor-element elementor-element-e92cd53 elementor-widget elementor-widget-text-editor\" data-id=\"e92cd53\" data-element_type=\"widget\" data-e-type=\"widget\" id=\"-3\" data-widget_type=\"text-editor.default\">\n\t\t\t\t<div class=\"elementor-widget-container\">\n\t\t\t\t\t\t\t\t\t<h4>Contact Form<\/h4>\t\t\t\t\t\t\t\t<\/div>\n\t\t\t\t<\/div>\n\t\t\t\t<div class=\"elementor-element elementor-element-5038b18 elementor-widget elementor-widget-wp-widget-behold_core_contact_form_7\" data-id=\"5038b18\" data-element_type=\"widget\" data-e-type=\"widget\" id=\"-23\" data-widget_type=\"wp-widget-behold_core_contact_form_7.default\">\n\t\t\t\t<div class=\"elementor-widget-container\">\n\t\t\t\t\t\t\t\t<div class=\"qodef-contact-form-7\">\n\t\t\t\t\n<div class=\"wpcf7 no-js\" id=\"wpcf7-f5935-o1\" lang=\"en-US\" dir=\"ltr\" data-wpcf7-id=\"5935\">\n<div class=\"screen-reader-response\"><p role=\"status\" aria-live=\"polite\" aria-atomic=\"true\"><\/p> <ul><\/ul><\/div>\n<form action=\"\/en\/wp-json\/wp\/v2\/pages\/5934#wpcf7-f5935-o1\" method=\"post\" class=\"wpcf7-form init\" aria-label=\"Contact form\" novalidate=\"novalidate\" data-status=\"init\">\n<fieldset class=\"hidden-fields-container\"><input type=\"hidden\" name=\"_wpcf7\" value=\"5935\" \/><input type=\"hidden\" name=\"_wpcf7_version\" value=\"6.1.5\" \/><input type=\"hidden\" name=\"_wpcf7_locale\" value=\"en_US\" \/><input type=\"hidden\" name=\"_wpcf7_unit_tag\" value=\"wpcf7-f5935-o1\" \/><input type=\"hidden\" name=\"_wpcf7_container_post\" value=\"0\" \/><input type=\"hidden\" name=\"_wpcf7_posted_data_hash\" value=\"\" \/>\n<\/fieldset>\n<label> Name\n    <span class=\"wpcf7-form-control-wrap\" data-name=\"your-name\"><input size=\"40\" maxlength=\"400\" class=\"wpcf7-form-control wpcf7-text wpcf7-validates-as-required\" aria-required=\"true\" aria-invalid=\"false\" value=\"\" type=\"text\" name=\"your-name\" \/><\/span> <\/label>\n\n<label> Email\n    <span class=\"wpcf7-form-control-wrap\" data-name=\"your-email\"><input size=\"40\" maxlength=\"400\" class=\"wpcf7-form-control wpcf7-email wpcf7-validates-as-required wpcf7-text wpcf7-validates-as-email\" aria-required=\"true\" aria-invalid=\"false\" value=\"\" type=\"email\" name=\"your-email\" \/><\/span> <\/label>\n\n<label> Subject\n    <span class=\"wpcf7-form-control-wrap\" data-name=\"your-subject\"><input size=\"40\" maxlength=\"400\" class=\"wpcf7-form-control wpcf7-text wpcf7-validates-as-required\" aria-required=\"true\" aria-invalid=\"false\" value=\"\" type=\"text\" name=\"your-subject\" \/><\/span> <\/label>\n\n<label> Message\n    <span class=\"wpcf7-form-control-wrap\" data-name=\"your-message\"><textarea cols=\"40\" rows=\"10\" maxlength=\"2000\" class=\"wpcf7-form-control wpcf7-textarea\" aria-invalid=\"false\" name=\"your-message\"><\/textarea><\/span> <\/label>\n\n<button class=\"wpcf7-form-control wpcf7-submit qodef-button qodef-size--normal qodef-layout--textual qodef-m\" type=\"submit\"><span class=\"qodef-m-text\">Submit<\/span><\/button><div class=\"wpcf7-response-output\" aria-hidden=\"true\"><\/div>\n<\/form>\n<\/div>\n\t\t\t<\/div>\n\t\t\t\t\t\t\t<\/div>\n\t\t\t\t<\/div>\n\t\t\t\t\t<\/div>\n\t\t<\/div>\n\t\t\t\t<div class=\"elementor-column elementor-col-50 elementor-top-column elementor-element elementor-element-3a4a1ad\" data-id=\"3a4a1ad\" data-element_type=\"column\" data-e-type=\"column\">\n\t\t\t<div class=\"elementor-widget-wrap elementor-element-populated\">\n\t\t\t\t\t\t<div class=\"elementor-element elementor-element-8e98518 elementor-widget elementor-widget-text-editor\" data-id=\"8e98518\" data-element_type=\"widget\" data-e-type=\"widget\" data-widget_type=\"text-editor.default\">\n\t\t\t\t<div class=\"elementor-widget-container\">\n\t\t\t\t\t\t\t\t\t<h4>Address<\/h4>\t\t\t\t\t\t\t\t<\/div>\n\t\t\t\t<\/div>\n\t\t\t\t<div class=\"elementor-element elementor-element-d0fa705 elementor-widget elementor-widget-text-editor\" data-id=\"d0fa705\" data-element_type=\"widget\" data-e-type=\"widget\" data-widget_type=\"text-editor.default\">\n\t\t\t\t<div class=\"elementor-widget-container\">\n\t\t\t\t\t\t\t\t\t<p>K\u0131z\u0131l\u0131rmak Mh. Mevlana Bulvar\u0131 1425. Cd. 1450. Sk. Ulusoy Plaza Kat:6 No:9\/21,<\/p><p>06510 \u00c7ankaya\/Ankara<\/p>\t\t\t\t\t\t\t\t<\/div>\n\t\t\t\t<\/div>\n\t\t\t\t<div class=\"elementor-element elementor-element-668324d elementor-widget elementor-widget-google_maps\" data-id=\"668324d\" data-element_type=\"widget\" data-e-type=\"widget\" data-widget_type=\"google_maps.default\">\n\t\t\t\t<div class=\"elementor-widget-container\">\n\t\t\t\t\t\t\t<div class=\"elementor-custom-embed\">\n\t\t\t<iframe loading=\"lazy\"\n\t\t\t\t\tsrc=\"https:\/\/maps.google.com\/maps?q=Op.%20Dr.%20G%C3%B6k%C3%A7en%20Erdo%C4%9Fan%20-%20Kad%C4%B1n%20Hastal%C4%B1klar%C4%B1%2C%20Do%C4%9Fum%20Uzman%C4%B1%20ve%20Cinsel%20Terapist%2C%20Mevlana%20Bulvar%C4%B1%201425.%20Cadde%201450.%20Sokak%20Ulusoy%20Plaza%20Kat%3A6%20No%3A9%2F21%2C%2006510%20%C3%87ankaya%2FAnkara&#038;t=m&#038;z=10&#038;output=embed&#038;iwloc=near\"\n\t\t\t\t\ttitle=\"Op. Dr. G\u00f6k\u00e7en Erdo\u011fan - Kad\u0131n Hastal\u0131klar\u0131, Do\u011fum Uzman\u0131 ve Cinsel Terapist, Mevlana Bulvar\u0131 1425. Cadde 1450. Sokak Ulusoy Plaza Kat:6 No:9\/21, 06510 \u00c7ankaya\/Ankara\"\n\t\t\t\t\taria-label=\"Op. Dr. G\u00f6k\u00e7en Erdo\u011fan - Kad\u0131n Hastal\u0131klar\u0131, Do\u011fum Uzman\u0131 ve Cinsel Terapist, Mevlana Bulvar\u0131 1425. Cadde 1450. Sokak Ulusoy Plaza Kat:6 No:9\/21, 06510 \u00c7ankaya\/Ankara\"\n\t\t\t><\/iframe>\n\t\t<\/div>\n\t\t\t\t\t\t<\/div>\n\t\t\t\t<\/div>\n\t\t\t\t\t<\/div>\n\t\t<\/div>\n\t\t\t\t\t<\/div>\n\t\t<\/section>\n\t\t\t\t<\/div>\n\t\t","protected":false},"excerpt":{"rendered":"<p>Contact Form Address K\u0131z\u0131l\u0131rmak Mh. Mevlana Bulvar\u0131 1425. Cd. 1450. Sk. Ulusoy Plaza Kat:6 No:9\/21, 06510 \u00c7ankaya\/Ankara<\/p>\n","protected":false},"author":1,"featured_media":0,"parent":0,"menu_order":0,"comment_status":"closed","ping_status":"closed","template":"page-full-width.php","meta":{"nf_dc_page":"","footnotes":""},"class_list":["post-5934","page","type-page","status-publish","hentry"],"yoast_head":"<!-- This site is optimized with the Yoast SEO plugin v27.5 - https:\/\/yoast.com\/product\/yoast-seo-wordpress\/ -->\n<title>Contact - G\u00f6k\u00e7en Erdo\u011fan<\/title>\n<meta name=\"robots\" content=\"index, follow, max-snippet:-1, max-image-preview:large, max-video-preview:-1\" \/>\n<link rel=\"canonical\" href=\"https:\/\/gokcenerdogan.com\/en\/contact\/\" \/>\n<meta property=\"og:locale\" content=\"en_US\" \/>\n<meta property=\"og:type\" content=\"article\" \/>\n<meta property=\"og:title\" content=\"Contact - G\u00f6k\u00e7en Erdo\u011fan\" \/>\n<meta property=\"og:description\" content=\"Contact Form Address K\u0131z\u0131l\u0131rmak Mh. Mevlana Bulvar\u0131 1425. Cd. 1450. Sk. Ulusoy Plaza Kat:6 No:9\/21, 06510 \u00c7ankaya\/Ankara\" \/>\n<meta property=\"og:url\" content=\"https:\/\/gokcenerdogan.com\/en\/contact\/\" \/>\n<meta property=\"og:site_name\" content=\"G\u00f6k\u00e7en Erdo\u011fan\" \/>\n<meta property=\"article:modified_time\" content=\"2022-04-06T22:17:09+00:00\" \/>\n<meta name=\"twitter:card\" content=\"summary_large_image\" \/>\n<script type=\"application\/ld+json\" class=\"yoast-schema-graph\">{\"@context\":\"https:\\\/\\\/schema.org\",\"@graph\":[{\"@type\":\"WebPage\",\"@id\":\"https:\\\/\\\/gokcenerdogan.com\\\/en\\\/contact\\\/\",\"url\":\"https:\\\/\\\/gokcenerdogan.com\\\/en\\\/contact\\\/\",\"name\":\"Contact - G\u00f6k\u00e7en Erdo\u011fan\",\"isPartOf\":{\"@id\":\"https:\\\/\\\/gokcenerdogan.com\\\/#website\"},\"datePublished\":\"2020-03-13T13:44:26+00:00\",\"dateModified\":\"2022-04-06T22:17:09+00:00\",\"breadcrumb\":{\"@id\":\"https:\\\/\\\/gokcenerdogan.com\\\/en\\\/contact\\\/#breadcrumb\"},\"inLanguage\":\"en-US\",\"potentialAction\":[{\"@type\":\"ReadAction\",\"target\":[\"https:\\\/\\\/gokcenerdogan.com\\\/en\\\/contact\\\/\"]}]},{\"@type\":\"BreadcrumbList\",\"@id\":\"https:\\\/\\\/gokcenerdogan.com\\\/en\\\/contact\\\/#breadcrumb\",\"itemListElement\":[{\"@type\":\"ListItem\",\"position\":1,\"name\":\"Anasayfa\",\"item\":\"https:\\\/\\\/gokcenerdogan.com\\\/\"},{\"@type\":\"ListItem\",\"position\":2,\"name\":\"Contact\"}]},{\"@type\":\"WebSite\",\"@id\":\"https:\\\/\\\/gokcenerdogan.com\\\/#website\",\"url\":\"https:\\\/\\\/gokcenerdogan.com\\\/\",\"name\":\"G\u00f6k\u00e7en Erdo\u011fan\",\"description\":\"\",\"potentialAction\":[{\"@type\":\"SearchAction\",\"target\":{\"@type\":\"EntryPoint\",\"urlTemplate\":\"https:\\\/\\\/gokcenerdogan.com\\\/?s={search_term_string}\"},\"query-input\":{\"@type\":\"PropertyValueSpecification\",\"valueRequired\":true,\"valueName\":\"search_term_string\"}}],\"inLanguage\":\"en-US\"}]}<\/script>\n<!-- \/ Yoast SEO plugin. -->","yoast_head_json":{"title":"Contact - G\u00f6k\u00e7en Erdo\u011fan","robots":{"index":"index","follow":"follow","max-snippet":"max-snippet:-1","max-image-preview":"max-image-preview:large","max-video-preview":"max-video-preview:-1"},"canonical":"https:\/\/gokcenerdogan.com\/en\/contact\/","og_locale":"en_US","og_type":"article","og_title":"Contact - G\u00f6k\u00e7en Erdo\u011fan","og_description":"Contact Form Address K\u0131z\u0131l\u0131rmak Mh. Mevlana Bulvar\u0131 1425. Cd. 1450. Sk. Ulusoy Plaza Kat:6 No:9\/21, 06510 \u00c7ankaya\/Ankara","og_url":"https:\/\/gokcenerdogan.com\/en\/contact\/","og_site_name":"G\u00f6k\u00e7en Erdo\u011fan","article_modified_time":"2022-04-06T22:17:09+00:00","twitter_card":"summary_large_image","schema":{"@context":"https:\/\/schema.org","@graph":[{"@type":"WebPage","@id":"https:\/\/gokcenerdogan.com\/en\/contact\/","url":"https:\/\/gokcenerdogan.com\/en\/contact\/","name":"Contact - G\u00f6k\u00e7en Erdo\u011fan","isPartOf":{"@id":"https:\/\/gokcenerdogan.com\/#website"},"datePublished":"2020-03-13T13:44:26+00:00","dateModified":"2022-04-06T22:17:09+00:00","breadcrumb":{"@id":"https:\/\/gokcenerdogan.com\/en\/contact\/#breadcrumb"},"inLanguage":"en-US","potentialAction":[{"@type":"ReadAction","target":["https:\/\/gokcenerdogan.com\/en\/contact\/"]}]},{"@type":"BreadcrumbList","@id":"https:\/\/gokcenerdogan.com\/en\/contact\/#breadcrumb","itemListElement":[{"@type":"ListItem","position":1,"name":"Anasayfa","item":"https:\/\/gokcenerdogan.com\/"},{"@type":"ListItem","position":2,"name":"Contact"}]},{"@type":"WebSite","@id":"https:\/\/gokcenerdogan.com\/#website","url":"https:\/\/gokcenerdogan.com\/","name":"G\u00f6k\u00e7en Erdo\u011fan","description":"","potentialAction":[{"@type":"SearchAction","target":{"@type":"EntryPoint","urlTemplate":"https:\/\/gokcenerdogan.com\/?s={search_term_string}"},"query-input":{"@type":"PropertyValueSpecification","valueRequired":true,"valueName":"search_term_string"}}],"inLanguage":"en-US"}]}},"_links":{"self":[{"href":"https:\/\/gokcenerdogan.com\/en\/wp-json\/wp\/v2\/pages\/5934","targetHints":{"allow":["GET"]}}],"collection":[{"href":"https:\/\/gokcenerdogan.com\/en\/wp-json\/wp\/v2\/pages"}],"about":[{"href":"https:\/\/gokcenerdogan.com\/en\/wp-json\/wp\/v2\/types\/page"}],"author":[{"embeddable":true,"href":"https:\/\/gokcenerdogan.com\/en\/wp-json\/wp\/v2\/users\/1"}],"replies":[{"embeddable":true,"href":"https:\/\/gokcenerdogan.com\/en\/wp-json\/wp\/v2\/comments?post=5934"}],"version-history":[{"count":5,"href":"https:\/\/gokcenerdogan.com\/en\/wp-json\/wp\/v2\/pages\/5934\/revisions"}],"predecessor-version":[{"id":5942,"href":"https:\/\/gokcenerdogan.com\/en\/wp-json\/wp\/v2\/pages\/5934\/revisions\/5942"}],"wp:attachment":[{"href":"https:\/\/gokcenerdogan.com\/en\/wp-json\/wp\/v2\/media?parent=5934"}],"curies":[{"name":"wp","href":"https:\/\/api.w.org\/{rel}","templated":true}]}}