{"id":5904,"date":"2022-04-06T16:50:34","date_gmt":"2022-04-06T13:50:34","guid":{"rendered":"https:\/\/gokcenerdogan.com\/hakkimda\/"},"modified":"2023-05-25T00:05:10","modified_gmt":"2023-05-24T21:05:10","slug":"about-me","status":"publish","type":"page","link":"https:\/\/gokcenerdogan.com\/en\/about-me\/","title":{"rendered":"About Me"},"content":{"rendered":"\t\t<div data-elementor-type=\"wp-page\" data-elementor-id=\"5904\" class=\"elementor elementor-5904 elementor-5894\">\n\t\t\t\t\t\t<section class=\"elementor-section elementor-top-section elementor-element elementor-element-90c6398 elementor-section-boxed elementor-section-height-default elementor-section-height-default qodef-elementor-content-no\" data-id=\"90c6398\" data-element_type=\"section\" data-e-type=\"section\">\n\t\t\t\t\t\t<div class=\"elementor-container elementor-column-gap-default\">\n\t\t\t\t\t<div class=\"elementor-column elementor-col-100 elementor-top-column elementor-element elementor-element-9edc8a9\" data-id=\"9edc8a9\" data-element_type=\"column\" data-e-type=\"column\">\n\t\t\t<div class=\"elementor-widget-wrap elementor-element-populated\">\n\t\t\t\t\t\t<div class=\"elementor-element elementor-element-cfdda46 elementor-widget elementor-widget-text-editor\" data-id=\"cfdda46\" data-element_type=\"widget\" data-e-type=\"widget\" data-widget_type=\"text-editor.default\">\n\t\t\t\t<div class=\"elementor-widget-container\">\n\t\t\t\t\t\t\t\t\t<p><em>Assoc.Prof.Dr. Gokcen Erdogan<\/em><\/p><p><strong>Gynecologist and Obstetrician, Sexual Therapist.<\/strong><\/p><p>Dr.Gokcen Erdogan, born in 1976, has her Medical Doctor degree from Uludag University in Turkey. In 2001, she started her Medical Residency in Gynecology and Obstetrics at Kirikkale University and successfully finished in 2005. Moreover, she has MA degree in Public Health and PhD in Philosophy of Religion and Social Psychology. Dr.Gokcen Erdogan got her Assoc.Prof title from Near East University and teaches Medical students and gives professional trainings up to date. Dr.Gokcen Erdogan is editor of 5 academic books published in Turkey in Cosmetic Gynecology.<\/p><p>Dr.Gokcen Erdogan is a founder of Diva Clinic in Ankara. With more than 25 years of professional experience in Gynecology and obstetrics, she is one of the very first doctors who started working in Cosmetic Gynecology in Turkey. After taking several training courses on Sexual Therapy, Dr.Gokcen Erdogan has been actively treating Vaginismus for many years.<\/p><p>Dr.Gokcen Erdogan is highly specialized in Aesthetic Gynecology surgeries, particularly on Vaginoplasty, Labiaplasty and Hoodectomy. Dr.Gokcen Erdogan was presented with a reward in Cosmetic Gynecology in World Health Summit 2022. Also, she is very well known locally and globally for the high success results for her Myomectomy, and Urinary Incontinence Repair surgeries.<\/p><p>Between 2013 and 2022, she published 4 books, (\u2018\u2019Gizli Kapakl\u0131 \u015eeyler\u2019\u2019, \u2018\u2019S\u0131rra Kalem\u2019\u2019, \u2018\u2019Belki Ke\u015fke Neyse\u2019\u2019 and \u2018\u2019Utan\u00e7\u2019\u2019) all consisting her reflections about real life stories of the women she met in her career life. One of her ultimate goals in life is to give her contribution in sexuality education of the society. Dr.Gokcen Erdogan actively uploads informative videos, writes posts and interacts with people on her Instagram, YouTube, LinkedIn and TikTok channels. Meanwhile, she continues writing articles for different journals and magazines, Internet websites about women\u2019s health, sexual health and women\u2019s issues in social life. She is hugely respected and loved by public for her continuous efforts in educating people, especially women about discovering their bodies and getting awareness on possible symptoms about pathological conditions.<\/p><p>Dr.Gokcen Erdogan is married and mom of 2.<\/p>\t\t\t\t\t\t\t\t<\/div>\n\t\t\t\t<\/div>\n\t\t\t\t\t<\/div>\n\t\t<\/div>\n\t\t\t\t\t<\/div>\n\t\t<\/section>\n\t\t\t\t<\/div>\n\t\t","protected":false},"excerpt":{"rendered":"<p>Assoc.Prof.Dr. Gokcen Erdogan Gynecologist and Obstetrician, Sexual Therapist. Dr.Gokcen Erdogan, born in 1976, has her Medical Doctor degree from Uludag University in Turkey. In 2001, she started her Medical Residency in Gynecology and Obstetrics at Kirikkale University and successfully finished in 2005. Moreover, she has MA degree in Public Health and PhD in Philosophy of [&hellip;]<\/p>\n","protected":false},"author":1,"featured_media":0,"parent":0,"menu_order":0,"comment_status":"closed","ping_status":"closed","template":"","meta":{"nf_dc_page":"","footnotes":""},"class_list":["post-5904","page","type-page","status-publish","hentry"],"yoast_head":"<!-- This site is optimized with the Yoast SEO plugin v27.5 - https:\/\/yoast.com\/product\/yoast-seo-wordpress\/ -->\n<title>About Me - G\u00f6k\u00e7en Erdo\u011fan<\/title>\n<meta name=\"robots\" content=\"index, follow, max-snippet:-1, max-image-preview:large, max-video-preview:-1\" \/>\n<link rel=\"canonical\" href=\"https:\/\/gokcenerdogan.com\/en\/about-me\/\" \/>\n<meta property=\"og:locale\" content=\"en_US\" \/>\n<meta property=\"og:type\" content=\"article\" \/>\n<meta property=\"og:title\" content=\"About Me - G\u00f6k\u00e7en Erdo\u011fan\" \/>\n<meta property=\"og:description\" content=\"Assoc.Prof.Dr. Gokcen Erdogan Gynecologist and Obstetrician, Sexual Therapist. Dr.Gokcen Erdogan, born in 1976, has her Medical Doctor degree from Uludag University in Turkey. In 2001, she started her Medical Residency in Gynecology and Obstetrics at Kirikkale University and successfully finished in 2005. Moreover, she has MA degree in Public Health and PhD in Philosophy of [&hellip;]\" \/>\n<meta property=\"og:url\" content=\"https:\/\/gokcenerdogan.com\/en\/about-me\/\" \/>\n<meta property=\"og:site_name\" content=\"G\u00f6k\u00e7en Erdo\u011fan\" \/>\n<meta property=\"article:modified_time\" content=\"2023-05-24T21:05:10+00:00\" \/>\n<meta name=\"twitter:card\" content=\"summary_large_image\" \/>\n<meta name=\"twitter:label1\" content=\"Est. reading time\" \/>\n\t<meta name=\"twitter:data1\" content=\"2 minutes\" \/>\n<script type=\"application\/ld+json\" class=\"yoast-schema-graph\">{\"@context\":\"https:\\\/\\\/schema.org\",\"@graph\":[{\"@type\":\"WebPage\",\"@id\":\"https:\\\/\\\/gokcenerdogan.com\\\/en\\\/about-me\\\/\",\"url\":\"https:\\\/\\\/gokcenerdogan.com\\\/en\\\/about-me\\\/\",\"name\":\"About Me - G\u00f6k\u00e7en Erdo\u011fan\",\"isPartOf\":{\"@id\":\"https:\\\/\\\/gokcenerdogan.com\\\/#website\"},\"datePublished\":\"2022-04-06T13:50:34+00:00\",\"dateModified\":\"2023-05-24T21:05:10+00:00\",\"breadcrumb\":{\"@id\":\"https:\\\/\\\/gokcenerdogan.com\\\/en\\\/about-me\\\/#breadcrumb\"},\"inLanguage\":\"en-US\",\"potentialAction\":[{\"@type\":\"ReadAction\",\"target\":[\"https:\\\/\\\/gokcenerdogan.com\\\/en\\\/about-me\\\/\"]}]},{\"@type\":\"BreadcrumbList\",\"@id\":\"https:\\\/\\\/gokcenerdogan.com\\\/en\\\/about-me\\\/#breadcrumb\",\"itemListElement\":[{\"@type\":\"ListItem\",\"position\":1,\"name\":\"Anasayfa\",\"item\":\"https:\\\/\\\/gokcenerdogan.com\\\/\"},{\"@type\":\"ListItem\",\"position\":2,\"name\":\"About Me\"}]},{\"@type\":\"WebSite\",\"@id\":\"https:\\\/\\\/gokcenerdogan.com\\\/#website\",\"url\":\"https:\\\/\\\/gokcenerdogan.com\\\/\",\"name\":\"G\u00f6k\u00e7en Erdo\u011fan\",\"description\":\"\",\"potentialAction\":[{\"@type\":\"SearchAction\",\"target\":{\"@type\":\"EntryPoint\",\"urlTemplate\":\"https:\\\/\\\/gokcenerdogan.com\\\/?s={search_term_string}\"},\"query-input\":{\"@type\":\"PropertyValueSpecification\",\"valueRequired\":true,\"valueName\":\"search_term_string\"}}],\"inLanguage\":\"en-US\"}]}<\/script>\n<!-- \/ Yoast SEO plugin. -->","yoast_head_json":{"title":"About Me - G\u00f6k\u00e7en Erdo\u011fan","robots":{"index":"index","follow":"follow","max-snippet":"max-snippet:-1","max-image-preview":"max-image-preview:large","max-video-preview":"max-video-preview:-1"},"canonical":"https:\/\/gokcenerdogan.com\/en\/about-me\/","og_locale":"en_US","og_type":"article","og_title":"About Me - G\u00f6k\u00e7en Erdo\u011fan","og_description":"Assoc.Prof.Dr. Gokcen Erdogan Gynecologist and Obstetrician, Sexual Therapist. Dr.Gokcen Erdogan, born in 1976, has her Medical Doctor degree from Uludag University in Turkey. In 2001, she started her Medical Residency in Gynecology and Obstetrics at Kirikkale University and successfully finished in 2005. Moreover, she has MA degree in Public Health and PhD in Philosophy of [&hellip;]","og_url":"https:\/\/gokcenerdogan.com\/en\/about-me\/","og_site_name":"G\u00f6k\u00e7en Erdo\u011fan","article_modified_time":"2023-05-24T21:05:10+00:00","twitter_card":"summary_large_image","twitter_misc":{"Est. reading time":"2 minutes"},"schema":{"@context":"https:\/\/schema.org","@graph":[{"@type":"WebPage","@id":"https:\/\/gokcenerdogan.com\/en\/about-me\/","url":"https:\/\/gokcenerdogan.com\/en\/about-me\/","name":"About Me - G\u00f6k\u00e7en Erdo\u011fan","isPartOf":{"@id":"https:\/\/gokcenerdogan.com\/#website"},"datePublished":"2022-04-06T13:50:34+00:00","dateModified":"2023-05-24T21:05:10+00:00","breadcrumb":{"@id":"https:\/\/gokcenerdogan.com\/en\/about-me\/#breadcrumb"},"inLanguage":"en-US","potentialAction":[{"@type":"ReadAction","target":["https:\/\/gokcenerdogan.com\/en\/about-me\/"]}]},{"@type":"BreadcrumbList","@id":"https:\/\/gokcenerdogan.com\/en\/about-me\/#breadcrumb","itemListElement":[{"@type":"ListItem","position":1,"name":"Anasayfa","item":"https:\/\/gokcenerdogan.com\/"},{"@type":"ListItem","position":2,"name":"About Me"}]},{"@type":"WebSite","@id":"https:\/\/gokcenerdogan.com\/#website","url":"https:\/\/gokcenerdogan.com\/","name":"G\u00f6k\u00e7en Erdo\u011fan","description":"","potentialAction":[{"@type":"SearchAction","target":{"@type":"EntryPoint","urlTemplate":"https:\/\/gokcenerdogan.com\/?s={search_term_string}"},"query-input":{"@type":"PropertyValueSpecification","valueRequired":true,"valueName":"search_term_string"}}],"inLanguage":"en-US"}]}},"_links":{"self":[{"href":"https:\/\/gokcenerdogan.com\/en\/wp-json\/wp\/v2\/pages\/5904","targetHints":{"allow":["GET"]}}],"collection":[{"href":"https:\/\/gokcenerdogan.com\/en\/wp-json\/wp\/v2\/pages"}],"about":[{"href":"https:\/\/gokcenerdogan.com\/en\/wp-json\/wp\/v2\/types\/page"}],"author":[{"embeddable":true,"href":"https:\/\/gokcenerdogan.com\/en\/wp-json\/wp\/v2\/users\/1"}],"replies":[{"embeddable":true,"href":"https:\/\/gokcenerdogan.com\/en\/wp-json\/wp\/v2\/comments?post=5904"}],"version-history":[{"count":5,"href":"https:\/\/gokcenerdogan.com\/en\/wp-json\/wp\/v2\/pages\/5904\/revisions"}],"predecessor-version":[{"id":6116,"href":"https:\/\/gokcenerdogan.com\/en\/wp-json\/wp\/v2\/pages\/5904\/revisions\/6116"}],"wp:attachment":[{"href":"https:\/\/gokcenerdogan.com\/en\/wp-json\/wp\/v2\/media?parent=5904"}],"curies":[{"name":"wp","href":"https:\/\/api.w.org\/{rel}","templated":true}]}}